{"id":991,"date":"2023-07-13T13:38:46","date_gmt":"2023-07-13T13:38:46","guid":{"rendered":"https:\/\/maestro10.us.edu.pl\/?page_id=991"},"modified":"2024-12-10T14:31:40","modified_gmt":"2024-12-10T14:31:40","slug":"grupa-badawcza","status":"publish","type":"page","link":"https:\/\/maestro10.us.edu.pl\/index.php\/grupa-badawcza\/","title":{"rendered":"<span style=\"color: #ffffff;\">GRUPA<\/span>"},"content":{"rendered":"\t\t<div data-elementor-type=\"wp-page\" data-elementor-id=\"991\" class=\"elementor elementor-991\">\n\t\t\t\t\t\t<section class=\"elementor-section elementor-top-section elementor-element elementor-element-88d40d5 elementor-section-full_width elementor-section-content-top elementor-section-stretched animated-slow elementor-section-height-default elementor-section-height-default elementor-invisible\" data-id=\"88d40d5\" data-element_type=\"section\" data-settings=\"{&quot;stretch_section&quot;:&quot;section-stretched&quot;,&quot;background_background&quot;:&quot;classic&quot;,&quot;animation&quot;:&quot;fadeInUp&quot;,&quot;animation_delay&quot;:300}\">\n\t\t\t\t\t\t<div class=\"elementor-container elementor-column-gap-default\">\n\t\t\t\t\t<div class=\"elementor-column elementor-col-100 elementor-top-column elementor-element elementor-element-2458f17\" data-id=\"2458f17\" data-element_type=\"column\">\n\t\t\t<div class=\"elementor-widget-wrap elementor-element-populated\">\n\t\t\t\t\t\t<div class=\"elementor-element elementor-element-99b70eb elementor-position-left elementor-vertical-align-middle elementor-widget elementor-widget-image-box\" data-id=\"99b70eb\" data-element_type=\"widget\" data-widget_type=\"image-box.default\">\n\t\t\t\t<div class=\"elementor-widget-container\">\n\t\t\t<div class=\"elementor-image-box-wrapper\"><figure class=\"elementor-image-box-img\"><img fetchpriority=\"high\" decoding=\"async\" width=\"1024\" height=\"683\" src=\"https:\/\/maestro10.us.edu.pl\/wp-content\/uploads\/2023\/07\/Prof_Paluch_new1-1024x683-1.jpg\" class=\"attachment-full size-full wp-image-903\" alt=\"\" style=\"width:100%;height:66.7%;max-width:1024px\" srcset=\"https:\/\/maestro10.us.edu.pl\/wp-content\/uploads\/2023\/07\/Prof_Paluch_new1-1024x683-1.jpg 1024w, https:\/\/maestro10.us.edu.pl\/wp-content\/uploads\/2023\/07\/Prof_Paluch_new1-1024x683-1-300x200.jpg 300w, https:\/\/maestro10.us.edu.pl\/wp-content\/uploads\/2023\/07\/Prof_Paluch_new1-1024x683-1-768x512.jpg 768w\" sizes=\"(max-width: 1024px) 100vw, 1024px\" \/><\/figure><div class=\"elementor-image-box-content\"><h3 class=\"elementor-image-box-title\">prof. dr hab. Marian Paluch<\/h3><p class=\"elementor-image-box-description\">kierownik projektu<\/p><\/div><\/div>\t\t<\/div>\n\t\t\t\t<\/div>\n\t\t\t\t<div class=\"elementor-element elementor-element-4ac99ff elementor-position-left elementor-vertical-align-middle elementor-widget elementor-widget-image-box\" data-id=\"4ac99ff\" data-element_type=\"widget\" data-widget_type=\"image-box.default\">\n\t\t\t\t<div class=\"elementor-widget-container\">\n\t\t\t<div class=\"elementor-image-box-wrapper\"><figure class=\"elementor-image-box-img\"><img decoding=\"async\" width=\"2436\" height=\"1518\" src=\"https:\/\/maestro10.us.edu.pl\/wp-content\/uploads\/2023\/07\/bez-nazwy.jpg\" class=\"attachment-full size-full wp-image-1015\" alt=\"\" style=\"width:100%;height:62.32%;max-width:2436px\" srcset=\"https:\/\/maestro10.us.edu.pl\/wp-content\/uploads\/2023\/07\/bez-nazwy.jpg 2436w, https:\/\/maestro10.us.edu.pl\/wp-content\/uploads\/2023\/07\/bez-nazwy-300x187.jpg 300w, https:\/\/maestro10.us.edu.pl\/wp-content\/uploads\/2023\/07\/bez-nazwy-1024x638.jpg 1024w, https:\/\/maestro10.us.edu.pl\/wp-content\/uploads\/2023\/07\/bez-nazwy-768x479.jpg 768w, https:\/\/maestro10.us.edu.pl\/wp-content\/uploads\/2023\/07\/bez-nazwy-1536x957.jpg 1536w, https:\/\/maestro10.us.edu.pl\/wp-content\/uploads\/2023\/07\/bez-nazwy-2048x1276.jpg 2048w, https:\/\/maestro10.us.edu.pl\/wp-content\/uploads\/2023\/07\/bez-nazwy-1568x977.jpg 1568w\" sizes=\"(max-width: 2436px) 100vw, 2436px\" \/><\/figure><div class=\"elementor-image-box-content\"><h3 class=\"elementor-image-box-title\">dr hab. Kajetan Koperwas<\/h3><p class=\"elementor-image-box-description\">post-doc.<br> <br>badania naukowe prowadzone w ramach projektu przyczyni\u0142y si\u0119 do uzyskania stopnia <br> dr. habilitowanego, 25 czerwca 2024<\/p><\/div><\/div>\t\t<\/div>\n\t\t\t\t<\/div>\n\t\t\t\t<div class=\"elementor-element elementor-element-ca1e156 elementor-position-left elementor-vertical-align-middle elementor-widget elementor-widget-image-box\" data-id=\"ca1e156\" data-element_type=\"widget\" data-widget_type=\"image-box.default\">\n\t\t\t\t<div class=\"elementor-widget-container\">\n\t\t\t<div class=\"elementor-image-box-wrapper\"><figure class=\"elementor-image-box-img\"><img decoding=\"async\" width=\"778\" height=\"484\" src=\"https:\/\/maestro10.us.edu.pl\/wp-content\/uploads\/2023\/11\/AG-e1701252356470.jpg\" class=\"attachment-full size-full wp-image-1432\" alt=\"\" style=\"width:100%;height:62.21%;max-width:778px\" srcset=\"https:\/\/maestro10.us.edu.pl\/wp-content\/uploads\/2023\/11\/AG-e1701252356470.jpg 778w, https:\/\/maestro10.us.edu.pl\/wp-content\/uploads\/2023\/11\/AG-e1701252356470-300x187.jpg 300w, https:\/\/maestro10.us.edu.pl\/wp-content\/uploads\/2023\/11\/AG-e1701252356470-768x478.jpg 768w\" sizes=\"(max-width: 778px) 100vw, 778px\" \/><\/figure><div class=\"elementor-image-box-content\"><h3 class=\"elementor-image-box-title\">prof. U\u015a dr hab. Andrzej Grzybowski <\/h3><p class=\"elementor-image-box-description\">specjalista ds. symulacji MD<\/p><\/div><\/div>\t\t<\/div>\n\t\t\t\t<\/div>\n\t\t\t\t<div class=\"elementor-element elementor-element-0d5d22c elementor-position-left elementor-vertical-align-middle elementor-widget elementor-widget-image-box\" data-id=\"0d5d22c\" data-element_type=\"widget\" data-widget_type=\"image-box.default\">\n\t\t\t\t<div class=\"elementor-widget-container\">\n\t\t\t<div class=\"elementor-image-box-wrapper\"><figure class=\"elementor-image-box-img\"><img loading=\"lazy\" decoding=\"async\" width=\"1024\" height=\"683\" src=\"https:\/\/maestro10.us.edu.pl\/wp-content\/uploads\/2024\/02\/zdjecie_maestro.jpg\" class=\"attachment-full size-full wp-image-1900\" alt=\"\" style=\"width:100%;height:66.7%;max-width:1024px\" srcset=\"https:\/\/maestro10.us.edu.pl\/wp-content\/uploads\/2024\/02\/zdjecie_maestro.jpg 1024w, https:\/\/maestro10.us.edu.pl\/wp-content\/uploads\/2024\/02\/zdjecie_maestro-300x200.jpg 300w, https:\/\/maestro10.us.edu.pl\/wp-content\/uploads\/2024\/02\/zdjecie_maestro-768x512.jpg 768w\" sizes=\"(max-width: 1024px) 100vw, 1024px\" \/><\/figure><div class=\"elementor-image-box-content\"><h3 class=\"elementor-image-box-title\">mgr Filip Ka\u015bkosz <\/h3><p class=\"elementor-image-box-description\">doktorant<br><br>badania naukowe prowadzone w ramach projektu przyczyni\u0142y si\u0119 do uzyskania stopnia <br>doktora nauk fizycznych, 26 listopada 2024<\/p><\/div><\/div>\t\t<\/div>\n\t\t\t\t<\/div>\n\t\t\t\t<div class=\"elementor-element elementor-element-4e89459 elementor-position-left elementor-vertical-align-middle elementor-widget elementor-widget-image-box\" data-id=\"4e89459\" data-element_type=\"widget\" data-widget_type=\"image-box.default\">\n\t\t\t\t<div class=\"elementor-widget-container\">\n\t\t\t<div class=\"elementor-image-box-wrapper\"><figure class=\"elementor-image-box-img\"><img loading=\"lazy\" decoding=\"async\" width=\"1024\" height=\"682\" src=\"https:\/\/maestro10.us.edu.pl\/wp-content\/uploads\/2024\/02\/KL.jpg\" class=\"attachment-full size-full wp-image-1907\" alt=\"\" style=\"width:100%;height:66.6%;max-width:1024px\" srcset=\"https:\/\/maestro10.us.edu.pl\/wp-content\/uploads\/2024\/02\/KL.jpg 1024w, https:\/\/maestro10.us.edu.pl\/wp-content\/uploads\/2024\/02\/KL-300x200.jpg 300w, https:\/\/maestro10.us.edu.pl\/wp-content\/uploads\/2024\/02\/KL-768x512.jpg 768w\" sizes=\"(max-width: 1024px) 100vw, 1024px\" \/><\/figure><div class=\"elementor-image-box-content\"><h3 class=\"elementor-image-box-title\">mgr Karol Liszka <\/h3><p class=\"elementor-image-box-description\">doktorant<br><br>badania naukowe prowadzone w ramach projektu przyczyni\u0142y si\u0119 do uzyskania stopnia \ndoktora nauk fizycznych, 26 listopada 2024\u200b<\/p><\/div><\/div>\t\t<\/div>\n\t\t\t\t<\/div>\n\t\t\t\t\t<\/div>\n\t\t<\/div>\n\t\t\t\t\t<\/div>\n\t\t<\/section>\n\t\t\t\t<section class=\"elementor-section elementor-top-section elementor-element elementor-element-b47154c elementor-section-full_width elementor-section-height-min-height elementor-section-stretched elementor-section-height-default elementor-section-items-middle\" data-id=\"b47154c\" data-element_type=\"section\" data-settings=\"{&quot;stretch_section&quot;:&quot;section-stretched&quot;,&quot;background_background&quot;:&quot;classic&quot;}\">\n\t\t\t\t\t\t<div class=\"elementor-container elementor-column-gap-default\">\n\t\t\t\t\t<div class=\"elementor-column elementor-col-100 elementor-top-column elementor-element elementor-element-f66e7ea\" data-id=\"f66e7ea\" data-element_type=\"column\">\n\t\t\t<div class=\"elementor-widget-wrap\">\n\t\t\t\t\t\t\t<\/div>\n\t\t<\/div>\n\t\t\t\t\t<\/div>\n\t\t<\/section>\n\t\t\t\t<\/div>\n\t\t","protected":false},"excerpt":{"rendered":"<p>prof. dr hab. Marian Paluch kierownik projektu dr hab. Kajetan Koperwas post-doc. badania naukowe prowadzone w ramach projektu przyczyni\u0142y si\u0119 do uzyskania stopnia dr. habilitowanego, 25 czerwca 2024 prof. U\u015a dr hab. Andrzej Grzybowski specjalista ds. symulacji MD mgr Filip Ka\u015bkosz doktorant badania naukowe prowadzone w ramach projektu przyczyni\u0142y si\u0119 do uzyskania stopnia doktora nauk&hellip; <a class=\"more-link\" href=\"https:\/\/maestro10.us.edu.pl\/index.php\/grupa-badawcza\/\">Czytaj dalej <span class=\"screen-reader-text\"><span style=\"color: #ffffff;\">GRUPA<\/span><\/span><\/a><\/p>\n","protected":false},"author":1,"featured_media":0,"parent":0,"menu_order":0,"comment_status":"closed","ping_status":"closed","template":"","meta":{"footnotes":""},"class_list":["post-991","page","type-page","status-publish","hentry","entry"],"_links":{"self":[{"href":"https:\/\/maestro10.us.edu.pl\/index.php\/wp-json\/wp\/v2\/pages\/991","targetHints":{"allow":["GET"]}}],"collection":[{"href":"https:\/\/maestro10.us.edu.pl\/index.php\/wp-json\/wp\/v2\/pages"}],"about":[{"href":"https:\/\/maestro10.us.edu.pl\/index.php\/wp-json\/wp\/v2\/types\/page"}],"author":[{"embeddable":true,"href":"https:\/\/maestro10.us.edu.pl\/index.php\/wp-json\/wp\/v2\/users\/1"}],"replies":[{"embeddable":true,"href":"https:\/\/maestro10.us.edu.pl\/index.php\/wp-json\/wp\/v2\/comments?post=991"}],"version-history":[{"count":156,"href":"https:\/\/maestro10.us.edu.pl\/index.php\/wp-json\/wp\/v2\/pages\/991\/revisions"}],"predecessor-version":[{"id":2415,"href":"https:\/\/maestro10.us.edu.pl\/index.php\/wp-json\/wp\/v2\/pages\/991\/revisions\/2415"}],"wp:attachment":[{"href":"https:\/\/maestro10.us.edu.pl\/index.php\/wp-json\/wp\/v2\/media?parent=991"}],"curies":[{"name":"wp","href":"https:\/\/api.w.org\/{rel}","templated":true}]}}