{"id":988,"date":"2023-07-13T13:37:51","date_gmt":"2023-07-13T13:37:51","guid":{"rendered":"https:\/\/maestro10.us.edu.pl\/?page_id=988"},"modified":"2023-12-05T14:22:50","modified_gmt":"2023-12-05T14:22:50","slug":"opis-projektu","status":"publish","type":"page","link":"https:\/\/maestro10.us.edu.pl\/index.php\/opis-projektu\/","title":{"rendered":"<span style=\"color: #ffffff;\">OPIS<\/span>"},"content":{"rendered":"\t\t<div data-elementor-type=\"wp-page\" data-elementor-id=\"988\" class=\"elementor elementor-988\">\n\t\t\t\t\t\t<section class=\"elementor-section elementor-top-section elementor-element elementor-element-9d45ba3 elementor-section-full_width elementor-section-stretched animated-slow elementor-section-height-default elementor-section-height-default elementor-invisible\" data-id=\"9d45ba3\" data-element_type=\"section\" data-settings=\"{&quot;stretch_section&quot;:&quot;section-stretched&quot;,&quot;background_background&quot;:&quot;classic&quot;,&quot;animation&quot;:&quot;fadeInUp&quot;,&quot;animation_delay&quot;:0}\">\n\t\t\t\t\t\t<div class=\"elementor-container elementor-column-gap-default\">\n\t\t\t\t\t<div class=\"elementor-column elementor-col-100 elementor-top-column elementor-element elementor-element-3a533a3\" data-id=\"3a533a3\" data-element_type=\"column\">\n\t\t\t<div class=\"elementor-widget-wrap elementor-element-populated\">\n\t\t\t\t\t\t<div class=\"elementor-element elementor-element-39078f5 elementor-widget elementor-widget-text-editor\" data-id=\"39078f5\" data-element_type=\"widget\" data-widget_type=\"text-editor.default\">\n\t\t\t\t<div class=\"elementor-widget-container\">\n\t\t\t\t\t\t\t&emsp;&emsp;&emsp;&emsp;Jednym z pierwszych bada\u0144, w kt\u00f3rych wykorzystano symulacje komputerowe, by\u0142o modelowanie zachowania dynamiki cieczy. Interesuj\u0105ce jest jednak, \u017ce modelowe systemy, kt\u00f3re badane by\u0142y w po\u0142owie poprzedniego stulecia, do dzisiaj ciesz\u0105 si\u0119 zainteresowaniem naukowc\u00f3w. S\u0105 to tak zwane ciecze proste, czyli systemy, kt\u00f3rych cz\u0105steczki traktowane s\u0105 jako sfery oddzia\u0142uj\u0105ce mi\u0119dzy sob\u0105 w spos\u00f3b zale\u017cny wy\u0142\u0105cznie od odleg\u0142o\u015bci mi\u0119dzy nimi. Warto zaznaczy\u0107, \u017ce om\u00f3wiona forma oddzia\u0142ywa\u0144 mi\u0119dzycz\u0105steczkowych posiada silne teoretyczne podstawy, poniewa\u017c popularny potencja\u0142 Lennarda-Jonesa jest przyk\u0142adem potencja\u0142u cieczy prostych. W konsekwencji, teoretyczne podstawy cieczy prostych wraz z \u0142atwo\u015bci\u0105 obliczeniow\u0105 symulacji ich dynamiki sprawiaj\u0105, \u017ce ciecze proste w dalszym ci\u0105gu s\u0105 ch\u0119tnie wykorzystywane do badania natury wielu fizycznych proces\u00f3w na najbardziej fundamentalnym poziomie \u2013 interakcji mi\u0119dzycz\u0105steczkowych. Jednym z przyk\u0142ad\u00f3w jest szeroko dyskutowane prawo skalowania g\u0119sto\u015bciowego. Zgodnie z tym konceptem, dynamiczne w\u0142asno\u015bci cieczy przech\u0142odzonych np. czasy relaksacji strukturalnej, lepko\u015b\u0107 czy wsp\u00f3\u0142czynniki dyfuzji (\u03a7) mo\u017cna niezale\u017cnie od warunk\u00f3w termodynamicznych przeskalowa\u0107 na jedn\u0105 wsp\u00f3ln\u0105 krzyw\u0105, kt\u00f3ra spe\u0142nia r\u00f3wnanie skalowania, f(\u03a7)=TV<sup>\u03b3<\/sup>, T oznacza temperatur\u0119, V obj\u0119to\u015b\u0107, natomiast \u03b3 jest sta\u0142\u0105 materia\u0142ow\u0105 kt\u00f3rej warto\u015b\u0107 bezpo\u015brednio wynika z potencja\u0142u mi\u0119dzycz\u0105steczkowego. Fakty i\u017c skalowanie g\u0119sto\u015bciowe \u0142\u0105czy mi\u0119dzycz\u0105steczkowe interakcje z wielko\u015bciami makroskopowymi uk\u0142adu oraz, i\u017c ponad sto r\u00f3\u017cnych materia\u0142\u00f3w spe\u0142nia regu\u0142\u0119 skalowania sprawiaj\u0105, \u017ce skalowanie g\u0119sto\u015bciowe jest aktualnie jedn\u0105 z najcz\u0119\u015bciej badanych w\u0142asno\u015bci cieczy przech\u0142odzonych. Interesuj\u0105ce jest jednak, \u017ce forma oddzia\u0142ywa\u0144 mi\u0119dzycz\u0105steczkowych, kt\u00f3ra prowadzi to skalowania g\u0119sto\u015bciowego, implikuje jednocze\u015bnie r\u00f3wnanie opisuj\u0105ce izotermiczn\u0105 zale\u017cno\u015b\u0107 ci\u015bnienia od obj\u0119to\u015bci. R\u00f3wnanie to posiada parametr \u03b3<sub><em>EOS<\/em><\/sub>, kt\u00f3ry r\u00f3wnie\u017c jest bezpo\u015brednio powi\u0105zanych z potencja\u0142em mi\u0119dzycz\u0105steczkowym. Ponadto definicje obu parametr\u00f3w implikuj\u0105, \u017ce \u03b3 = \u03b3<sub><em>EOS<\/em><\/sub> . Jednak\u017ce w przypadku rzeczywistych materia\u0142\u00f3w r\u00f3wno\u015b\u0107 pomi\u0119dzy warto\u015bciami obu parametr\u00f3w nie zosta\u0142a nigdy zaobserwowana, podczas gdy przypadku symulacji cieczy prostych, powy\u017csza r\u00f3wno\u015b\u0107 jest spe\u0142niona. Sprawia to, powstanie naturalnego pytania dotycz\u0105cego stopnia w jakim ciecze proste mog\u0105 imitowa\u0107 zachowanie prawdziwych materia\u0142\u00f3w oraz powodu wyst\u0105pienia r\u00f3\u017cnicy pomi\u0119dzy wynikami otrzymanymi dla modelowych i rzeczywistych uk\u0142ad\u00f3w.<br\/>\n\n&emsp;&emsp;&emsp;&emsp;W ramach projektu naukowego planujemy bada\u0107 nowe modelowe, quasi-rzeczywiste uk\u0142ady \u2013 zaprojektowane w taki spos\u00f3b, aby odzwierciedla\u0142y cechy rzeczywistych cz\u0105steczek, kt\u00f3re pomijane s\u0105 w symulacjach cieczy prostych, utrzymuj\u0105c przy tym w jak najwi\u0119kszym stopniu prostot\u0119 standardowych modelowych uk\u0142ad\u00f3w. W konsekwencji prostota nowych uk\u0142ad\u00f3w umo\u017cliwi otrzymanie ich teoretycznych opis\u00f3w (podobnie jak jest to mo\u017cliwe w przypadku cieczy prostych) oraz zapewni minimalizacj\u0119 wp\u0142yw\u00f3w innych (nie badanych) w\u0142asno\u015bci wewn\u0105trzcz\u0105steczkowych. Bazuj\u0105c na nowych modelowych uk\u0142adach, b\u0119dziemy bada\u0107 w jaki spos\u00f3b architektura moleku\u0142, przestrzenny rozk\u0142ad ich \u0142adunku oraz ich sztywno\u015b\u0107 wp\u0142ywa na strukturalne, dynamiczne i termodynamiczne w\u0142asno\u015bci system\u00f3w. W tym kontek\u015bcie warto zaznaczy\u0107, \u017ce nasze wst\u0119pne badania sugeruj\u0105, \u017ce strukturalna anizotropia cz\u0105steczek jest odpowiedzialna za rozbie\u017cno\u015bci pomi\u0119dzy warto\u015bciami parametr\u00f3w \u03b3 i \u03b3<sub><em>EOS<\/em><\/sub>. Bior\u0105c powy\u017csze wyniki pod uwag\u0119, planujemy okre\u015bli\u0107 kt\u00f3re wewn\u0105trzcz\u0105steczkowe w\u0142asno\u015bci s\u0105 najbardziej istotne dla skalowania g\u0119sto\u015bciowego, krystalizacji, wzrostu dynamicznej heterogeniczno\u015b\u0107 podczas och\u0142adzania uk\u0142adu oraz innych fizycznych proces\u00f3w, kt\u00f3re s\u0105 charakterystyczne dla cieczy przech\u0142odzonych. Zatem, otrzymane wyniki umo\u017cliwi\u0105 unifikacj\u0119 rezultat\u00f3w otrzymanych dla cieczy prostych i rzeczywistych materia\u0142\u00f3w i w konsekwencji b\u0119d\u0105 stanowi\u0107 naturalny krok w prz\u00f3d, zmierzaj\u0105cy do ca\u0142kowitego zrozumienia natury badanych proces\u00f3w.<\/br>\n \n&emsp;&emsp;&emsp;&emsp;Jednak\u017ce realizacja tych niezwykle ambitnych cel\u00f3w wymaga przeprowadzenia nie tylko obliczeniowych, lecz tak\u017ce eksperymentalnych bada\u0144. Dlatego w ramach projektu przeprowadzimy eksperymentalne weryfikacje wynik\u00f3w symulacji komputerowych. W tym celu, znajdziemy rzeczywiste substancje, r\u00f3\u017cni\u0105ce si\u0119 mi\u0119dzy sob\u0105 g\u0142\u00f3wnie wybran\u0105 wewn\u0105trzcz\u0105steczkow\u0105 w\u0142asno\u015bci\u0105. Wyb\u00f3r ten zminimalizuje efekty innych w\u0142asno\u015bci moleku\u0142 i umo\u017cliwi eksperymentalne potwierdzenie uzyskanych wniosk\u00f3w. W konsekwencji, szczerze wierzymy, \u017ce planowane badania dostarcz\u0105 warto\u015bciowych wskaz\u00f3wek do przewidywania fizycznych w\u0142asno\u015bci systemu, bazuj\u0105c wy\u0142\u0105cznie na chemicznej strukturze cz\u0105steczek. Zatem efekty projektu badawczego mog\u0105 stanowi\u0107 kamie\u0144 w\u0119gielny pod unifikacj\u0119 chemii i fizyki cieczy przech\u0142odzonych.\t\t\t\t\t\t<\/div>\n\t\t\t\t<\/div>\n\t\t\t\t\t<\/div>\n\t\t<\/div>\n\t\t\t\t\t<\/div>\n\t\t<\/section>\n\t\t\t\t<\/div>\n\t\t","protected":false},"excerpt":{"rendered":"<p>&emsp;&emsp;&emsp;&emsp;Jednym z pierwszych bada\u0144, w kt\u00f3rych wykorzystano symulacje komputerowe, by\u0142o modelowanie zachowania dynamiki cieczy. Interesuj\u0105ce jest jednak, \u017ce modelowe systemy, kt\u00f3re badane by\u0142y w po\u0142owie poprzedniego stulecia, do dzisiaj ciesz\u0105 si\u0119 zainteresowaniem naukowc\u00f3w. S\u0105 to tak zwane ciecze proste, czyli systemy, kt\u00f3rych cz\u0105steczki traktowane s\u0105 jako sfery oddzia\u0142uj\u0105ce mi\u0119dzy sob\u0105 w spos\u00f3b zale\u017cny wy\u0142\u0105cznie od&hellip; <a class=\"more-link\" href=\"https:\/\/maestro10.us.edu.pl\/index.php\/opis-projektu\/\">Czytaj dalej <span class=\"screen-reader-text\"><span style=\"color: #ffffff;\">OPIS<\/span><\/span><\/a><\/p>\n","protected":false},"author":1,"featured_media":0,"parent":0,"menu_order":0,"comment_status":"closed","ping_status":"closed","template":"","meta":{"footnotes":""},"class_list":["post-988","page","type-page","status-publish","hentry","entry"],"_links":{"self":[{"href":"https:\/\/maestro10.us.edu.pl\/index.php\/wp-json\/wp\/v2\/pages\/988","targetHints":{"allow":["GET"]}}],"collection":[{"href":"https:\/\/maestro10.us.edu.pl\/index.php\/wp-json\/wp\/v2\/pages"}],"about":[{"href":"https:\/\/maestro10.us.edu.pl\/index.php\/wp-json\/wp\/v2\/types\/page"}],"author":[{"embeddable":true,"href":"https:\/\/maestro10.us.edu.pl\/index.php\/wp-json\/wp\/v2\/users\/1"}],"replies":[{"embeddable":true,"href":"https:\/\/maestro10.us.edu.pl\/index.php\/wp-json\/wp\/v2\/comments?post=988"}],"version-history":[{"count":126,"href":"https:\/\/maestro10.us.edu.pl\/index.php\/wp-json\/wp\/v2\/pages\/988\/revisions"}],"predecessor-version":[{"id":1888,"href":"https:\/\/maestro10.us.edu.pl\/index.php\/wp-json\/wp\/v2\/pages\/988\/revisions\/1888"}],"wp:attachment":[{"href":"https:\/\/maestro10.us.edu.pl\/index.php\/wp-json\/wp\/v2\/media?parent=988"}],"curies":[{"name":"wp","href":"https:\/\/api.w.org\/{rel}","templated":true}]}}