{"id":1111,"date":"2023-07-31T09:13:47","date_gmt":"2023-07-31T09:13:47","guid":{"rendered":"https:\/\/maestro10.us.edu.pl\/?page_id=1111"},"modified":"2024-03-13T13:51:25","modified_gmt":"2024-03-13T13:51:25","slug":"wyniki2","status":"publish","type":"page","link":"https:\/\/maestro10.us.edu.pl\/index.php\/wyniki2\/","title":{"rendered":"<span style=\"color: #ffffff;\">WYNIKI<\/span>"},"content":{"rendered":"\t\t<div data-elementor-type=\"wp-page\" data-elementor-id=\"1111\" class=\"elementor elementor-1111\">\n\t\t\t\t\t\t<section class=\"elementor-section elementor-top-section elementor-element elementor-element-88d40d5 elementor-section-full_width elementor-section-content-top elementor-section-stretched animated-slow elementor-section-height-default elementor-section-height-default elementor-invisible\" data-id=\"88d40d5\" data-element_type=\"section\" data-settings=\"{&quot;stretch_section&quot;:&quot;section-stretched&quot;,&quot;background_background&quot;:&quot;classic&quot;,&quot;animation&quot;:&quot;fadeInUp&quot;,&quot;animation_delay&quot;:500}\">\n\t\t\t\t\t\t<div class=\"elementor-container elementor-column-gap-default\">\n\t\t\t\t\t<div class=\"elementor-column elementor-col-100 elementor-top-column elementor-element elementor-element-2458f17\" data-id=\"2458f17\" data-element_type=\"column\">\n\t\t\t<div class=\"elementor-widget-wrap elementor-element-populated\">\n\t\t\t\t\t\t<div class=\"elementor-element elementor-element-4ac99ff elementor-position-left elementor-vertical-align-middle elementor-widget elementor-widget-image-box\" data-id=\"4ac99ff\" data-element_type=\"widget\" data-widget_type=\"image-box.default\">\n\t\t\t\t<div class=\"elementor-widget-container\">\n\t\t\t<div class=\"elementor-image-box-wrapper\"><figure class=\"elementor-image-box-img\"><a href=\"https:\/\/maestro10.us.edu.pl\/index.php\/wplyw-oddzialywan-dipol-dipol\/\" tabindex=\"-1\"><img fetchpriority=\"high\" decoding=\"async\" width=\"512\" height=\"512\" src=\"https:\/\/maestro10.us.edu.pl\/wp-content\/uploads\/2024\/03\/wynik1_tlo-2.png\" class=\"attachment-large size-large wp-image-1918\" alt=\"\" style=\"width:100%;height:100%;max-width:512px\" srcset=\"https:\/\/maestro10.us.edu.pl\/wp-content\/uploads\/2024\/03\/wynik1_tlo-2.png 512w, https:\/\/maestro10.us.edu.pl\/wp-content\/uploads\/2024\/03\/wynik1_tlo-2-300x300.png 300w, https:\/\/maestro10.us.edu.pl\/wp-content\/uploads\/2024\/03\/wynik1_tlo-2-150x150.png 150w\" sizes=\"(max-width: 512px) 100vw, 512px\" \/><\/a><\/figure><div class=\"elementor-image-box-content\"><h3 class=\"elementor-image-box-title\"><a href=\"https:\/\/maestro10.us.edu.pl\/index.php\/wplyw-oddzialywan-dipol-dipol\/\">Wp\u0142yw oddzia\u0142ywa\u0144 dipol-dipol na odpowied\u017a dielektryczn\u0105 cieczy przech\u0142odzonych \u2013 symulacje komputerowe i badania eksperymentalne<\/a><\/h3><\/div><\/div>\t\t<\/div>\n\t\t\t\t<\/div>\n\t\t\t\t<div class=\"elementor-element elementor-element-99b70eb elementor-position-left elementor-vertical-align-middle elementor-widget elementor-widget-image-box\" data-id=\"99b70eb\" data-element_type=\"widget\" data-widget_type=\"image-box.default\">\n\t\t\t\t<div class=\"elementor-widget-container\">\n\t\t\t<div class=\"elementor-image-box-wrapper\"><figure class=\"elementor-image-box-img\"><a href=\"https:\/\/maestro10.us.edu.pl\/index.php\/wplyw-orientacji-momentu-dipolowego\/\" tabindex=\"-1\"><img decoding=\"async\" width=\"750\" height=\"574\" src=\"https:\/\/maestro10.us.edu.pl\/wp-content\/uploads\/2024\/03\/wynik3_tlo-1024x784.png\" class=\"attachment-large size-large wp-image-2322\" alt=\"\" style=\"width:100%;height:76.55%;max-width:3216px\" srcset=\"https:\/\/maestro10.us.edu.pl\/wp-content\/uploads\/2024\/03\/wynik3_tlo-1024x784.png 1024w, https:\/\/maestro10.us.edu.pl\/wp-content\/uploads\/2024\/03\/wynik3_tlo-300x230.png 300w, https:\/\/maestro10.us.edu.pl\/wp-content\/uploads\/2024\/03\/wynik3_tlo-768x588.png 768w, https:\/\/maestro10.us.edu.pl\/wp-content\/uploads\/2024\/03\/wynik3_tlo-1536x1176.png 1536w, https:\/\/maestro10.us.edu.pl\/wp-content\/uploads\/2024\/03\/wynik3_tlo-2048x1568.png 2048w, https:\/\/maestro10.us.edu.pl\/wp-content\/uploads\/2024\/03\/wynik3_tlo-1568x1200.png 1568w\" sizes=\"(max-width: 750px) 100vw, 750px\" \/><\/a><\/figure><div class=\"elementor-image-box-content\"><h3 class=\"elementor-image-box-title\"><a href=\"https:\/\/maestro10.us.edu.pl\/index.php\/wplyw-orientacji-momentu-dipolowego\/\">Wp\u0142yw orientacji momentu dipolowego na tendencj\u0119 substancji do formowania fazy krystalicznej<\/a><\/h3><\/div><\/div>\t\t<\/div>\n\t\t\t\t<\/div>\n\t\t\t\t<div class=\"elementor-element elementor-element-4acceae elementor-position-left elementor-vertical-align-middle elementor-widget elementor-widget-image-box\" data-id=\"4acceae\" data-element_type=\"widget\" data-widget_type=\"image-box.default\">\n\t\t\t\t<div class=\"elementor-widget-container\">\n\t\t\t<div class=\"elementor-image-box-wrapper\"><figure class=\"elementor-image-box-img\"><a href=\"https:\/\/maestro10.us.edu.pl\/index.php\/wykladnik-skalowania-gestosciowego\/\" tabindex=\"-1\"><img decoding=\"async\" width=\"750\" height=\"687\" src=\"https:\/\/maestro10.us.edu.pl\/wp-content\/uploads\/2024\/03\/11.png\" class=\"attachment-large size-large wp-image-2191\" alt=\"\" style=\"width:100%;height:91.62%;max-width:943px\" srcset=\"https:\/\/maestro10.us.edu.pl\/wp-content\/uploads\/2024\/03\/11.png 943w, https:\/\/maestro10.us.edu.pl\/wp-content\/uploads\/2024\/03\/11-300x275.png 300w, https:\/\/maestro10.us.edu.pl\/wp-content\/uploads\/2024\/03\/11-768x704.png 768w\" sizes=\"(max-width: 750px) 100vw, 750px\" \/><\/a><\/figure><div class=\"elementor-image-box-content\"><h3 class=\"elementor-image-box-title\"><a href=\"https:\/\/maestro10.us.edu.pl\/index.php\/wykladnik-skalowania-gestosciowego\/\">Po\u0142\u0105czenie wyk\u0142adnika skalowania g\u0119sto\u015bciowego z potencja\u0142em oddzia\u0142ywa\u0144 mi\u0119dzycz\u0105steczkowych<\/a><\/h3><\/div><\/div>\t\t<\/div>\n\t\t\t\t<\/div>\n\t\t\t\t\t<\/div>\n\t\t<\/div>\n\t\t\t\t\t<\/div>\n\t\t<\/section>\n\t\t\t\t<section class=\"elementor-section elementor-top-section elementor-element elementor-element-b47154c elementor-section-full_width elementor-section-height-min-height elementor-section-stretched elementor-section-height-default elementor-section-items-middle\" data-id=\"b47154c\" data-element_type=\"section\" data-settings=\"{&quot;stretch_section&quot;:&quot;section-stretched&quot;,&quot;background_background&quot;:&quot;classic&quot;}\">\n\t\t\t\t\t\t<div class=\"elementor-container elementor-column-gap-default\">\n\t\t\t\t\t<div class=\"elementor-column elementor-col-100 elementor-top-column elementor-element elementor-element-f66e7ea\" data-id=\"f66e7ea\" data-element_type=\"column\">\n\t\t\t<div class=\"elementor-widget-wrap\">\n\t\t\t\t\t\t\t<\/div>\n\t\t<\/div>\n\t\t\t\t\t<\/div>\n\t\t<\/section>\n\t\t\t\t<\/div>\n\t\t","protected":false},"excerpt":{"rendered":"<p>Wp\u0142yw oddzia\u0142ywa\u0144 dipol-dipol na odpowied\u017a dielektryczn\u0105 cieczy przech\u0142odzonych \u2013 symulacje komputerowe i badania eksperymentalne Wp\u0142yw orientacji momentu dipolowego na tendencj\u0119 substancji do formowania fazy krystalicznej Po\u0142\u0105czenie wyk\u0142adnika skalowania g\u0119sto\u015bciowego z potencja\u0142em oddzia\u0142ywa\u0144 mi\u0119dzycz\u0105steczkowych<\/p>\n","protected":false},"author":1,"featured_media":0,"parent":0,"menu_order":0,"comment_status":"closed","ping_status":"closed","template":"","meta":{"footnotes":""},"class_list":["post-1111","page","type-page","status-publish","hentry","entry"],"_links":{"self":[{"href":"https:\/\/maestro10.us.edu.pl\/index.php\/wp-json\/wp\/v2\/pages\/1111","targetHints":{"allow":["GET"]}}],"collection":[{"href":"https:\/\/maestro10.us.edu.pl\/index.php\/wp-json\/wp\/v2\/pages"}],"about":[{"href":"https:\/\/maestro10.us.edu.pl\/index.php\/wp-json\/wp\/v2\/types\/page"}],"author":[{"embeddable":true,"href":"https:\/\/maestro10.us.edu.pl\/index.php\/wp-json\/wp\/v2\/users\/1"}],"replies":[{"embeddable":true,"href":"https:\/\/maestro10.us.edu.pl\/index.php\/wp-json\/wp\/v2\/comments?post=1111"}],"version-history":[{"count":54,"href":"https:\/\/maestro10.us.edu.pl\/index.php\/wp-json\/wp\/v2\/pages\/1111\/revisions"}],"predecessor-version":[{"id":2337,"href":"https:\/\/maestro10.us.edu.pl\/index.php\/wp-json\/wp\/v2\/pages\/1111\/revisions\/2337"}],"wp:attachment":[{"href":"https:\/\/maestro10.us.edu.pl\/index.php\/wp-json\/wp\/v2\/media?parent=1111"}],"curies":[{"name":"wp","href":"https:\/\/api.w.org\/{rel}","templated":true}]}}